{"id":8290,"date":"2018-07-03T12:01:05","date_gmt":"2018-07-03T10:01:05","guid":{"rendered":"https:\/\/encontec.mittwald2.salesmachine.biz\/contact\/"},"modified":"2026-03-30T11:42:42","modified_gmt":"2026-03-30T09:42:42","slug":"contact","status":"publish","type":"page","link":"https:\/\/www.encontec.de\/en\/contact\/","title":{"rendered":"CONTACT"},"content":{"rendered":"<div id=\"pl-8290\"  class=\"panel-layout\" ><div id=\"pg-8290-0\"  class=\"panel-grid panel-has-style\" ><div class=\"header-slider panel-row-style panel-row-style-for-8290-0\" ><div id=\"pgc-8290-0-0\"  class=\"panel-grid-cell\" ><div id=\"panel-8290-0-0-0\" class=\"so-panel widget widget_sow-editor panel-first-child panel-last-child\" data-index=\"0\" ><div\n\t\t\t\n\t\t\tclass=\"so-widget-sow-editor so-widget-sow-editor-base\"\n\t\t\t\n\t\t>\n<div class=\"siteorigin-widget-tinymce textwidget\">\n\t<div id=\"metaslider-id-8431\" style=\"width: 100%;\" class=\"ml-slider-3-108-0 metaslider metaslider-flex metaslider-8431 ml-slider ms-theme-default nav-hidden\" role=\"region\" aria-label=\"Kontakt Head EN\" data-height=\"750\" data-width=\"1920\">\n    <div id=\"metaslider_container_8431\">\n        <div id=\"metaslider_8431\">\n            <ul class='slides'>\n                <li style=\"display: block; width: 100%;\" class=\"slide-8432 ms-image \" aria-roledescription=\"slide\" data-date=\"2025-04-30 17:56:58\" data-filename=\"kontakt-banner-1536x600.jpg\" data-slide-type=\"image\"><img loading=\"lazy\" decoding=\"async\" src=\"https:\/\/www.encontec.de\/wp-content\/uploads\/2024\/02\/kontakt-banner-1536x600.jpg\" height=\"750\" width=\"1920\" alt=\"\" class=\"slider-8431 slide-8432 msDefaultImage\" title=\"kontakt-banner\" \/><div class=\"caption-wrap\"><div class=\"caption\"><div class=\"caption-inner subpage\"> <div class=\"header-slider-text\"> <p class=\"headline\">CONTACT \/ START WORK<\/p> <\/div> <\/div><\/div><\/div><\/li>\n            <\/ul>\n        <\/div>\n        \n    <\/div>\n<\/div>\n<\/div>\n<\/div><\/div><\/div><\/div><\/div><div id=\"pg-8290-1\"  class=\"panel-grid panel-has-style\" ><div class=\"hide default-space-top-big panel-row-style panel-row-style-for-8290-1\" ><div id=\"pgc-8290-1-0\"  class=\"panel-grid-cell\" ><div id=\"panel-8290-1-0-0\" class=\"so-panel widget widget_sow-editor panel-first-child panel-last-child\" data-index=\"1\" ><div\n\t\t\t\n\t\t\tclass=\"so-widget-sow-editor so-widget-sow-editor-base\"\n\t\t\t\n\t\t>\n<div class=\"siteorigin-widget-tinymce textwidget\">\n\t<h1 style=\"text-align: center;\">Get in touch with us<\/h1>\n<\/div>\n<\/div><\/div><\/div><\/div><\/div><div id=\"pg-8290-2\"  class=\"panel-grid panel-has-style\" ><div class=\"container default-space panel-row-style panel-row-style-for-8290-2\" ><div id=\"pgc-8290-2-0\"  class=\"panel-grid-cell\" ><div id=\"panel-8290-2-0-0\" class=\"so-panel widget widget_sow-editor panel-first-child\" data-index=\"2\" ><div\n\t\t\t\n\t\t\tclass=\"so-widget-sow-editor so-widget-sow-editor-base\"\n\t\t\t\n\t\t>\n<div class=\"siteorigin-widget-tinymce textwidget\">\n\t<h1>CONTACT US<\/h1>\n<p><strong>Conveniently located between Aalen and Stuttgart<br \/>\ndirectly on the B29<\/strong><\/p>\n<\/div>\n<\/div><\/div><div id=\"panel-8290-2-0-1\" class=\"so-panel widget widget_sow-editor panel-last-child\" data-index=\"3\" ><div class=\"kontakt-adresse-icon panel-widget-style panel-widget-style-for-8290-2-0-1\" ><div\n\t\t\t\n\t\t\tclass=\"so-widget-sow-editor so-widget-sow-editor-base\"\n\t\t\t\n\t\t>\n<div class=\"siteorigin-widget-tinymce textwidget\">\n\t<h3>Head office: encontec GmbH<\/h3>\n<p class=\"adress\">Marie-Curie-Stra\u00dfe 19<br>73529 Schw\u00e4bisch Gm\u00fcnd<\/p>\n<p class=\"tel\"><strong><span style=\"font-size: 1rem;\">Fon<\/span><\/strong>:<a href=\"tel:+497171495910\"> +49 7171 49591-0<\/a><\/p>\n<p class=\"mail\"><strong>E-mail<\/strong>: info ( at ) encontec.de<\/p>\n&nbsp;\n<p class=\"adress\"><a href=\"https:\/\/www.encontec.de\/en\/contact\/locations\/#pg-7551-3\"><strong style=\"text-decoration: underline;\">Further location: Stuttgart Feuerbach<\/strong><\/a><\/p>\n<p class=\"adress\"><a href=\"https:\/\/www.encontec.de\/en\/contact\/locations\/#pg-7551-4\"><strong style=\"text-decoration: underline;\">Further location: Oberkochen<\/strong><\/a><\/p><\/div>\n<\/div><\/div><\/div><\/div><div id=\"pgc-8290-2-1\"  class=\"panel-grid-cell\" ><div id=\"panel-8290-2-1-0\" class=\"so-panel widget widget_sow-editor panel-first-child panel-last-child\" data-index=\"4\" ><div\n\t\t\t\n\t\t\tclass=\"so-widget-sow-editor so-widget-sow-editor-base\"\n\t\t\t\n\t\t><h3 class=\"widget-title\">Approach<\/h3>\n<div class=\"siteorigin-widget-tinymce textwidget\">\n\t<p><iframe src=\"https:\/\/www.google.com\/maps\/embed?pb=!1m18!1m12!1m3!1d42065.687890551875!2d9.727511768157612!3d48.77987623532806!2m3!1f0!2f0!3f0!3m2!1i1024!2i768!4f13.1!3m3!1m2!1s0x4799a7d56956ac4b%3A0xeb6c4521d102c8f6!2sencontec%20GmbH!5e0!3m2!1sde!2sde!4v1742994514049!5m2!1sde!2sde\" width=\"600\" height=\"450\" style=\"border:0;\" allowfullscreen=\"\" loading=\"lazy\" referrerpolicy=\"no-referrer-when-downgrade\"><\/iframe><\/p>\n<\/div>\n<\/div><\/div><\/div><\/div><\/div><div id=\"pg-8290-3\"  class=\"panel-grid panel-has-style\" ><div class=\"container panel-row-style panel-row-style-for-8290-3\" ><div id=\"pgc-8290-3-0\"  class=\"panel-grid-cell\" ><div id=\"panel-8290-3-0-0\" class=\"so-panel widget widget_sow-editor panel-first-child panel-last-child\" data-index=\"5\" ><div class=\"space-bottom panel-widget-style panel-widget-style-for-8290-3-0-0\" ><div\n\t\t\t\n\t\t\tclass=\"so-widget-sow-editor so-widget-sow-editor-base\"\n\t\t\t\n\t\t>\n<div class=\"siteorigin-widget-tinymce textwidget\">\n\t\n<div class=\"wpcf7 no-js\" id=\"wpcf7-f8235-o1\" lang=\"en-US\" dir=\"ltr\" data-wpcf7-id=\"8235\">\n<div class=\"screen-reader-response\"><p role=\"status\" aria-live=\"polite\" aria-atomic=\"true\"><\/p> <ul><\/ul><\/div>\n<form action=\"\/en\/wp-json\/wp\/v2\/pages\/8290#wpcf7-f8235-o1\" method=\"post\" class=\"wpcf7-form init wpcf7-acceptance-as-validation\" aria-label=\"Contact form\" novalidate=\"novalidate\" data-status=\"init\">\n<fieldset class=\"hidden-fields-container\"><input type=\"hidden\" name=\"_wpcf7\" value=\"8235\" \/><input type=\"hidden\" name=\"_wpcf7_version\" value=\"6.1.5\" \/><input type=\"hidden\" name=\"_wpcf7_locale\" value=\"en_US\" \/><input type=\"hidden\" name=\"_wpcf7_unit_tag\" value=\"wpcf7-f8235-o1\" \/><input type=\"hidden\" name=\"_wpcf7_container_post\" value=\"0\" \/><input type=\"hidden\" name=\"_wpcf7_posted_data_hash\" value=\"\" \/>\n<\/fieldset>\n<p><label>Company<br \/>\n<span class=\"wpcf7-form-control-wrap\" data-name=\"Company\"><input size=\"40\" maxlength=\"400\" class=\"wpcf7-form-control wpcf7-text\" aria-invalid=\"false\" value=\"\" type=\"text\" name=\"Company\" \/><\/span> <\/label>\n<\/p>\n<p><label>Salutation *<br \/>\n<span class=\"wpcf7-form-control-wrap\" data-name=\"Anrede\"><select class=\"wpcf7-form-control wpcf7-select\" aria-invalid=\"false\" name=\"Anrede\"><option value=\"Mr.\">Mr.<\/option><option value=\"Ms.\">Ms.<\/option><option value=\"Divers\">Divers<\/option><\/select><\/span> <\/label>\n<\/p>\n<p><label>First name *<br \/>\n<span class=\"wpcf7-form-control-wrap\" data-name=\"First\"><input size=\"40\" maxlength=\"400\" class=\"wpcf7-form-control wpcf7-text wpcf7-validates-as-required\" aria-required=\"true\" aria-invalid=\"false\" value=\"\" type=\"text\" name=\"First\" \/><\/span><\/label>\n<\/p>\n<p><label>Surname *<br \/>\n<span class=\"wpcf7-form-control-wrap\" data-name=\"Surname\"><input size=\"40\" maxlength=\"400\" class=\"wpcf7-form-control wpcf7-text wpcf7-validates-as-required\" aria-required=\"true\" aria-invalid=\"false\" value=\"\" type=\"text\" name=\"Surname\" \/><\/span><\/label>\n<\/p>\n<p><label> Email address *<br \/>\n<span class=\"wpcf7-form-control-wrap\" data-name=\"Email\"><input size=\"40\" maxlength=\"400\" class=\"wpcf7-form-control wpcf7-email wpcf7-validates-as-required wpcf7-text wpcf7-validates-as-email\" aria-required=\"true\" aria-invalid=\"false\" value=\"\" type=\"email\" name=\"Email\" \/><\/span> <\/label>\n<\/p>\n<p><label>Phone<br \/>\n<span class=\"wpcf7-form-control-wrap\" data-name=\"Phone\"><input size=\"40\" maxlength=\"400\" class=\"wpcf7-form-control wpcf7-tel wpcf7-text wpcf7-validates-as-tel\" aria-invalid=\"false\" value=\"\" type=\"tel\" name=\"Phone\" \/><\/span><\/label>\n<\/p>\n<p><label>Street\/house no.<br \/>\n<span class=\"wpcf7-form-control-wrap\" data-name=\"address\"><input size=\"40\" maxlength=\"400\" class=\"wpcf7-form-control wpcf7-text\" aria-invalid=\"false\" value=\"\" type=\"text\" name=\"address\" \/><\/span><\/label>\n<\/p>\n<p><label>Postcode\/City<br \/>\n<span class=\"wpcf7-form-control-wrap\" data-name=\"City\"><input size=\"40\" maxlength=\"400\" class=\"wpcf7-form-control wpcf7-text\" aria-invalid=\"false\" value=\"\" type=\"text\" name=\"City\" \/><\/span><\/label>\n<\/p>\n<p><label>Country<br \/>\n<span class=\"wpcf7-form-control-wrap\" data-name=\"Country\"><input size=\"40\" maxlength=\"400\" class=\"wpcf7-form-control wpcf7-text\" aria-invalid=\"false\" value=\"\" type=\"text\" name=\"Country\" \/><\/span><\/label>\n<\/p>\n<p><label> Your message *<br \/>\n<span class=\"wpcf7-form-control-wrap\" data-name=\"Message\"><textarea cols=\"40\" rows=\"10\" maxlength=\"2000\" class=\"wpcf7-form-control wpcf7-textarea wpcf7-validates-as-required\" aria-required=\"true\" aria-invalid=\"false\" name=\"Message\"><\/textarea><\/span> <\/label>\n<\/p>\n<p><span class=\"wpcf7-form-control-wrap kc_captcha\" data-name=\"kc_captcha\"><span class=\"wpcf7-form-control wpcf7-radio\"><span class=\"captcha-image\" ><span class=\"cf7ic_instructions\">Please prove you are human by selecting the<span> plane<\/span>.<\/span><label><input aria-label=\"1\" type=\"radio\" name=\"kc_captcha\" value=\"bot\" \/><svg aria-hidden=\"true\" role=\"img\" xmlns=\"http:\/\/www.w3.org\/2000\/svg\" viewBox=\"0 0 576 512\"><path fill=\"currentColor\" d=\"M415 24c-53 0-103 42-127 65-24-23-74-65-127-65C70 24 16 77 16 166c0 72 67 133 69 135l187 181c9 8 23 8 32 0l187-180c2-3 69-64 69-136 0-89-54-142-145-142z\"\/><\/svg><\/label><label><input aria-label=\"2\" type=\"radio\" name=\"kc_captcha\" value=\"bot\" \/><svg aria-hidden=\"true\" role=\"img\" xmlns=\"http:\/\/www.w3.org\/2000\/svg\" viewBox=\"0 0 384 512\"><path fill=\"currentColor\" d=\"M377 375l-83-87h34c21 0 32-25 17-40l-82-88h33c21 0 32-25 18-40L210 8c-10-11-26-11-36 0L70 120c-14 15-3 40 18 40h33l-82 88c-15 15-4 40 17 40h34L7 375c-15 16-4 41 17 41h120c0 33-11 49-34 68-12 9-5 28 10 28h144c15 0 22-19 10-28-20-16-34-32-34-68h120c21 0 32-25 17-41z\"\/><\/svg><\/label><label><input aria-label=\"3\" type=\"radio\" name=\"kc_captcha\" value=\"kc_human\" \/><svg aria-hidden=\"true\" role=\"img\" xmlns=\"http:\/\/www.w3.org\/2000\/svg\" viewBox=\"0 0 576 512\"><path fill=\"currentColor\" d=\"M472 200H360L256 6a12 12 0 00-10-6h-58c-8 0-14 7-12 15l34 185H100l-35-58a12 12 0 00-10-6H12c-8 0-13 7-12 14l21 106L0 362c-1 7 4 14 12 14h43c4 0 8-2 10-6l35-58h110l-34 185c-2 8 4 15 12 15h58a12 12 0 0010-6l104-194h112c57 0 104-25 104-56s-47-56-104-56z\"\/><\/svg><\/label>\r\n    <\/span>\r\n    <span style=\"display:none\">\r\n        <input type=\"text\" name=\"kc_honeypot\">\r\n    <\/span><\/span><\/span>\n<\/p>\n<p><span class=\"wpcf7-form-control-wrap\" data-name=\"datenschutz\"><span class=\"wpcf7-form-control wpcf7-acceptance\"><span class=\"wpcf7-list-item\"><label><input type=\"checkbox\" name=\"datenschutz\" value=\"1\" aria-invalid=\"false\" \/><span class=\"wpcf7-list-item-label\">I have read the <a href=\"\/datenschutz\/\" class=\"datenschutz-link\">privacy policy<\/a> and agree to it.<\/span><\/label><\/span><\/span><\/span>\n<\/p>\n<p><input class=\"wpcf7-form-control wpcf7-submit has-spinner\" type=\"submit\" value=\"Send\" \/>\n<\/p>\n<p class=\"form-space\">Mandatory fields are marked with *.\n<\/p>\n\n\n<div class=\"wpcf7-response-output\" aria-hidden=\"true\"><\/div>\n<\/form>\n<\/div>\n\n<\/div>\n<\/div><\/div><\/div><\/div><\/div><\/div><div id=\"pg-8290-4\"  class=\"panel-grid panel-no-style\" ><div id=\"pgc-8290-4-0\"  class=\"panel-grid-cell\" ><div id=\"panel-8290-4-0-0\" class=\"widget_text so-panel widget widget_custom_html panel-first-child panel-last-child\" data-index=\"6\" ><div class=\"textwidget custom-html-widget\"><!-- Event snippet for alle Kampagne Conversions conversion page -->\n\n<script>\n\n  gtag('event', 'conversion', {'send_to': 'AW-878106086\/ABViCLf-z6YBEOar26ID'});\n\n<\/script><\/div><\/div><\/div><\/div><\/div>","protected":false},"excerpt":{"rendered":"<p>Get in touch with us<\/p>\n","protected":false},"author":1,"featured_media":0,"parent":0,"menu_order":0,"comment_status":"closed","ping_status":"closed","template":"","meta":{"inline_featured_image":false,"_monsterinsights_skip_tracking":false,"_monsterinsights_sitenote_active":false,"_monsterinsights_sitenote_note":"","_monsterinsights_sitenote_category":0,"_uf_show_specific_survey":0,"_uf_disable_surveys":false,"footnotes":""},"class_list":["post-8290","page","type-page","status-publish","hentry"],"_links":{"self":[{"href":"https:\/\/www.encontec.de\/en\/wp-json\/wp\/v2\/pages\/8290","targetHints":{"allow":["GET"]}}],"collection":[{"href":"https:\/\/www.encontec.de\/en\/wp-json\/wp\/v2\/pages"}],"about":[{"href":"https:\/\/www.encontec.de\/en\/wp-json\/wp\/v2\/types\/page"}],"author":[{"embeddable":true,"href":"https:\/\/www.encontec.de\/en\/wp-json\/wp\/v2\/users\/1"}],"replies":[{"embeddable":true,"href":"https:\/\/www.encontec.de\/en\/wp-json\/wp\/v2\/comments?post=8290"}],"version-history":[{"count":4,"href":"https:\/\/www.encontec.de\/en\/wp-json\/wp\/v2\/pages\/8290\/revisions"}],"predecessor-version":[{"id":13097,"href":"https:\/\/www.encontec.de\/en\/wp-json\/wp\/v2\/pages\/8290\/revisions\/13097"}],"wp:attachment":[{"href":"https:\/\/www.encontec.de\/en\/wp-json\/wp\/v2\/media?parent=8290"}],"curies":[{"name":"wp","href":"https:\/\/api.w.org\/{rel}","templated":true}]}}